{"id":2037,"date":"2025-12-03T13:37:32","date_gmt":"2025-12-03T12:37:32","guid":{"rendered":"http:\/\/montiplast.mercurio.it\/?page_id=2037"},"modified":"2026-01-09T12:52:54","modified_gmt":"2026-01-09T11:52:54","slug":"segnaletica-stradale","status":"publish","type":"page","link":"https:\/\/www.montiplast.it\/index.php\/segnaletica-stradale\/","title":{"rendered":"Segnaletica stradale"},"content":{"rendered":"\n<p>Montiplast progetta e produce una linea specialistica di segnaletica stradale complementare, offrendo soluzioni ad alta tecnologia per il segnalamento e la sicurezza delle infrastrutture viarie.<br>Ogni prodotto \u00e8 sviluppato internamente per rispondere ai pi\u00f9 rigorosi standard di visibilit\u00e0 e resistenza, garantendo la piena conformit\u00e0 alle normative italiane ed europee (Codice della Strada e Marcature CE).<br>A differenza dei sistemi strutturali, la nostra produzione si concentra su dispositivi progettati per massimizzare la sicurezza passiva e la percezione del tracciato in ogni condizione ambientale.<\/p>\n\n\n\n<h3 class=\"wp-block-heading\">Tipologie:<\/h3>\n\n\n\n<ul class=\"wp-block-list\">\n<li>Dispositivi di Delineazione e Rifrangenza<\/li>\n\n\n\n<li>Segnaletica Mobile e di Cantiere<\/li>\n\n\n\n<li>Arredo Urbano e Dissuasori<\/li>\n\n\n\n<li>Sistemi Luminosi e Ottici<\/li>\n<\/ul>\n\n\n\n<div class=\"wp-block-buttons is-content-justification-center is-layout-flex wp-container-core-buttons-is-layout-a89b3969 wp-block-buttons-is-layout-flex\">\n<div class=\"wp-block-button link-faq-style\"><a class=\"wp-block-button__link wp-element-button\" href=\"http:\/\/montiplast.mercurio.it\/wp-content\/uploads\/2017\/04\/DefinitivoConCopertina.pdf\">Scarica il catalogo<\/a><\/div>\n<\/div>\n\n\n\n<hr class=\"wp-block-separator has-text-color has-black-color has-alpha-channel-opacity has-black-background-color has-background is-style-wide\"\/>\n\n\n\n<h2 class=\"wp-block-heading alignwide has-text-align-center\">Schede tecniche<\/h2>\n\n\n\n<div id=\"wp-block-themeisle-blocks-advanced-columns-46fb7c99\" class=\"wp-block-themeisle-blocks-advanced-columns alignwide has-3-columns has-desktop-equal-layout has-tablet-equal-layout has-mobile-collapsedRows-layout has-vertical-unset has-light-bg\"><div class=\"wp-block-themeisle-blocks-advanced-columns-overlay\"><\/div><div class=\"innerblocks-wrap\">\n<div id=\"wp-block-themeisle-blocks-advanced-column-95bf1216\" class=\"wp-block-themeisle-blocks-advanced-column has-light-bg\"><div class=\"wp-block-image is-style-rounded\">\n<figure class=\"aligncenter size-full has-custom-border\" style=\"margin-top:0px;margin-bottom:0px\"><img loading=\"lazy\" decoding=\"async\" width=\"260\" height=\"340\" src=\"http:\/\/montiplast.mercurio.it\/wp-content\/uploads\/2021\/11\/Delineatore1_WEB.jpg\" alt=\"\" class=\"wp-image-1162\" style=\"border-style:none;border-width:0px;border-top-left-radius:5px;border-top-right-radius:5px;border-bottom-left-radius:5px;border-bottom-right-radius:5px\" srcset=\"https:\/\/www.montiplast.it\/wp-content\/uploads\/2021\/11\/Delineatore1_WEB.jpg 260w, https:\/\/www.montiplast.it\/wp-content\/uploads\/2021\/11\/Delineatore1_WEB-229x300.jpg 229w\" sizes=\"auto, (max-width: 260px) 100vw, 260px\" \/><\/figure>\n<\/div>\n\n\n<div id=\"wp-block-themeisle-blocks-advanced-columns-730fd25c\" class=\"wp-block-themeisle-blocks-advanced-columns has-1-columns has-desktop-equal-layout has-tablet-equal-layout has-mobile-equal-layout has-vertical-unset\"><div class=\"wp-block-themeisle-blocks-advanced-columns-overlay\"><\/div><div class=\"innerblocks-wrap\">\n<div id=\"wp-block-themeisle-blocks-advanced-column-39a387b1\" class=\"wp-block-themeisle-blocks-advanced-column\">\n<h4 class=\"wp-block-heading has-text-color has-link-color wp-elements-c1eaff167ca429253ce93508bcda5a6f\" style=\"color:#070731\">Delineatori stradali<\/h4>\n\n\n\n<p class=\"has-text-color has-link-color has-small-font-size wp-elements-1d8abb51889cc0836cc31afe0d6c733f\" style=\"color:#070731\">SCHEDA TECNICA<br>Edizione 2023<br>PRODOTTO CERTIFICATO<\/p>\n\n\n\n<h6 class=\"wp-block-heading has-text-color\" style=\"color:#fdb72b\"><a href=\"http:\/\/montiplast.mercurio.it\/wp-content\/uploads\/2021\/11\/DLF_0418CEr3.pdf\" data-type=\"attachment\" data-id=\"1161\" target=\"_blank\" rel=\"noreferrer noopener\">Scarica la scheda tecnica<\/a><\/h6>\n<\/div>\n<\/div><\/div>\n<\/div>\n\n\n\n<div id=\"wp-block-themeisle-blocks-advanced-column-0cc1a14a\" class=\"wp-block-themeisle-blocks-advanced-column has-light-bg\"><div class=\"wp-block-image is-style-rounded\">\n<figure class=\"aligncenter size-full is-resized has-custom-border\" style=\"margin-top:0px;margin-bottom:0px\"><img loading=\"lazy\" decoding=\"async\" width=\"260\" height=\"340\" src=\"http:\/\/montiplast.mercurio.it\/wp-content\/uploads\/2021\/11\/Catadiottri6_WEB.jpg\" alt=\"\" class=\"wp-image-1164\" style=\"border-style:none;border-width:0px;border-top-left-radius:5px;border-top-right-radius:5px;border-bottom-left-radius:5px;border-bottom-right-radius:5px;width:260px;height:auto\" srcset=\"https:\/\/www.montiplast.it\/wp-content\/uploads\/2021\/11\/Catadiottri6_WEB.jpg 260w, https:\/\/www.montiplast.it\/wp-content\/uploads\/2021\/11\/Catadiottri6_WEB-229x300.jpg 229w\" sizes=\"auto, (max-width: 260px) 100vw, 260px\" \/><\/figure>\n<\/div>\n\n\n<div id=\"wp-block-themeisle-blocks-advanced-columns-bb67b146\" class=\"wp-block-themeisle-blocks-advanced-columns has-1-columns has-desktop-equal-layout has-tablet-equal-layout has-mobile-equal-layout has-vertical-unset\"><div class=\"wp-block-themeisle-blocks-advanced-columns-overlay\"><\/div><div class=\"innerblocks-wrap\">\n<div id=\"wp-block-themeisle-blocks-advanced-column-117632b2\" class=\"wp-block-themeisle-blocks-advanced-column\">\n<h4 class=\"wp-block-heading has-text-color has-link-color wp-elements-b6e1f90eb75a6cc3c91c09b843a7a8e3\" style=\"color:#070731\">Catadiottri trapezoidali<\/h4>\n\n\n\n<p class=\"has-text-color has-link-color has-small-font-size wp-elements-6eb74a117f0ec0e634b2b1d0eef24992\" style=\"color:#070731\">SCHEDA TECNICA<br>Edizione 2022<br>PRODOTTO CERTIFICATO<\/p>\n\n\n\n<h6 class=\"wp-block-heading has-text-color\" style=\"color:#fdb72b\"><a href=\"http:\/\/montiplast.mercurio.it\/wp-content\/uploads\/2021\/11\/CATADIOTTRI-TRAPEZOIDALI-BIF.-E-MONOrev.7.pdf\" data-type=\"attachment\" data-id=\"1163\" target=\"_blank\" rel=\"noreferrer noopener\">Scarica la scheda tecnica<\/a><\/h6>\n<\/div>\n<\/div><\/div>\n<\/div>\n\n\n\n<div id=\"wp-block-themeisle-blocks-advanced-column-749a3af5\" class=\"wp-block-themeisle-blocks-advanced-column has-light-bg\"><div class=\"wp-block-image is-style-rounded\">\n<figure class=\"aligncenter size-full has-custom-border\" style=\"margin-top:0px;margin-right:10px;margin-bottom:0px;margin-left:10px\"><img loading=\"lazy\" decoding=\"async\" width=\"630\" height=\"362\" src=\"http:\/\/montiplast.mercurio.it\/wp-content\/uploads\/2017\/03\/cropped-Petric4.jpg\" alt=\"\" class=\"wp-image-911\" style=\"border-style:none;border-width:0px;border-top-left-radius:5px;border-top-right-radius:5px;border-bottom-left-radius:5px;border-bottom-right-radius:5px\" srcset=\"https:\/\/www.montiplast.it\/wp-content\/uploads\/2017\/03\/cropped-Petric4.jpg 630w, https:\/\/www.montiplast.it\/wp-content\/uploads\/2017\/03\/cropped-Petric4-300x172.jpg 300w\" sizes=\"auto, (max-width: 630px) 100vw, 630px\" \/><\/figure>\n<\/div>\n\n\n<div id=\"wp-block-themeisle-blocks-advanced-columns-c215cdd2\" class=\"wp-block-themeisle-blocks-advanced-columns has-1-columns has-desktop-equal-layout has-tablet-equal-layout has-mobile-equal-layout has-vertical-unset\"><div class=\"wp-block-themeisle-blocks-advanced-columns-overlay\"><\/div><div class=\"innerblocks-wrap\">\n<div id=\"wp-block-themeisle-blocks-advanced-column-b1279081\" class=\"wp-block-themeisle-blocks-advanced-column\">\n<h4 class=\"wp-block-heading has-text-color has-link-color wp-elements-0d087c1256778e61486984d01cf89e38\" style=\"color:#070731\">Frangiluce per guardrails<\/h4>\n\n\n\n<p class=\"has-text-color has-link-color has-small-font-size wp-elements-a4f1ae7f129d97a5975cdddc7e0c528b\" style=\"color:#070731\">SCHEDA TECNICA<br>Edizione 2021<br>PRODOTTO CERTIFICATO<\/p>\n\n\n\n<h6 class=\"wp-block-heading has-text-color\" style=\"color:#fdb72b\"><a href=\"http:\/\/montiplast.mercurio.it\/wp-content\/uploads\/2021\/11\/FASCICOLO-TECNICOrev14.pdf\" data-type=\"attachment\" data-id=\"1166\" target=\"_blank\" rel=\"noreferrer noopener\">Scarica la scheda tecnica<\/a><\/h6>\n<\/div>\n<\/div><\/div>\n<\/div>\n<\/div><\/div>\n\n\n\n<div id=\"wp-block-themeisle-blocks-advanced-columns-7030e78f\" class=\"wp-block-themeisle-blocks-advanced-columns alignwide has-3-columns has-desktop-equal-layout has-tablet-equal-layout has-mobile-collapsedRows-layout has-vertical-unset has-light-bg\"><div class=\"wp-block-themeisle-blocks-advanced-columns-overlay\"><\/div><div class=\"innerblocks-wrap\">\n<div id=\"wp-block-themeisle-blocks-advanced-column-0800afa2\" class=\"wp-block-themeisle-blocks-advanced-column has-light-bg\"><div class=\"wp-block-image is-style-rounded\">\n<figure class=\"aligncenter size-full has-custom-border\" style=\"margin-top:0px;margin-bottom:0px\"><img loading=\"lazy\" decoding=\"async\" width=\"260\" height=\"340\" src=\"http:\/\/montiplast.mercurio.it\/wp-content\/uploads\/2021\/11\/CVT32_WEB.jpg\" alt=\"\" class=\"wp-image-1169\" style=\"border-style:none;border-width:0px;border-top-left-radius:5px;border-top-right-radius:5px;border-bottom-left-radius:5px;border-bottom-right-radius:5px\" srcset=\"https:\/\/www.montiplast.it\/wp-content\/uploads\/2021\/11\/CVT32_WEB.jpg 260w, https:\/\/www.montiplast.it\/wp-content\/uploads\/2021\/11\/CVT32_WEB-229x300.jpg 229w\" sizes=\"auto, (max-width: 260px) 100vw, 260px\" \/><\/figure>\n<\/div>\n\n\n<div id=\"wp-block-themeisle-blocks-advanced-columns-3a6213ac\" class=\"wp-block-themeisle-blocks-advanced-columns has-1-columns has-desktop-equal-layout has-tablet-equal-layout has-mobile-equal-layout has-vertical-unset\"><div class=\"wp-block-themeisle-blocks-advanced-columns-overlay\"><\/div><div class=\"innerblocks-wrap\">\n<div id=\"wp-block-themeisle-blocks-advanced-column-30803643\" class=\"wp-block-themeisle-blocks-advanced-column\">\n<h4 class=\"wp-block-heading has-text-color has-link-color wp-elements-37c2982aabdfe128c0117fd0baa253a5\" style=\"color:#070731\">Cavalletti mobili<\/h4>\n\n\n\n<p class=\"has-text-color has-link-color has-small-font-size wp-elements-dd67d2f5de5b24478cbe23625fac4254\" style=\"color:#070731\">SCHEDA TECNICA<br>Edizione 2021<\/p>\n\n\n\n<h6 class=\"wp-block-heading has-text-color\" style=\"color:#fdb72b\"><a href=\"http:\/\/montiplast.mercurio.it\/wp-content\/uploads\/2021\/11\/SCHEDA-TECNICA-CVT.Rev_.6.pdf\" data-type=\"attachment\" data-id=\"1167\" target=\"_blank\" rel=\"noreferrer noopener\">Scarica la scheda tecnica<\/a><\/h6>\n<\/div>\n<\/div><\/div>\n<\/div>\n\n\n\n<div id=\"wp-block-themeisle-blocks-advanced-column-57c87bc7\" class=\"wp-block-themeisle-blocks-advanced-column has-light-bg\"><div class=\"wp-block-image is-style-rounded\">\n<figure class=\"aligncenter size-full has-custom-border\" style=\"margin-top:0px;margin-right:0px;margin-bottom:0px;margin-left:0px\"><img loading=\"lazy\" decoding=\"async\" width=\"600\" height=\"600\" src=\"http:\/\/montiplast.mercurio.it\/wp-content\/uploads\/2021\/11\/280920130313.jpg\" alt=\"\" class=\"wp-image-1171\" style=\"border-style:none;border-width:0px;border-top-left-radius:5px;border-top-right-radius:5px;border-bottom-left-radius:5px;border-bottom-right-radius:5px\" srcset=\"https:\/\/www.montiplast.it\/wp-content\/uploads\/2021\/11\/280920130313.jpg 600w, https:\/\/www.montiplast.it\/wp-content\/uploads\/2021\/11\/280920130313-300x300.jpg 300w, https:\/\/www.montiplast.it\/wp-content\/uploads\/2021\/11\/280920130313-150x150.jpg 150w\" sizes=\"auto, (max-width: 600px) 100vw, 600px\" \/><\/figure>\n<\/div>\n\n\n<div id=\"wp-block-themeisle-blocks-advanced-columns-c5d2cf3c\" class=\"wp-block-themeisle-blocks-advanced-columns has-1-columns has-desktop-equal-layout has-tablet-equal-layout has-mobile-equal-layout has-vertical-unset\"><div class=\"wp-block-themeisle-blocks-advanced-columns-overlay\"><\/div><div class=\"innerblocks-wrap\">\n<div id=\"wp-block-themeisle-blocks-advanced-column-d6e6b712\" class=\"wp-block-themeisle-blocks-advanced-column\">\n<h4 class=\"wp-block-heading has-text-color has-link-color wp-elements-1ffbd1d202ba73065b6c9d37be5f14bc\" style=\"color:#070731\">Dissuasori Mod. &#8220;Roma&#8221;<\/h4>\n\n\n\n<p class=\"has-text-color has-link-color has-small-font-size wp-elements-53d4f55af67bcd61cda540076237b640\" style=\"color:#070731\">SCHEDA TECNICA<br>Edizione 2024<\/p>\n\n\n\n<h6 class=\"wp-block-heading has-text-color\" style=\"color:#fdb72b\"><a href=\"http:\/\/montiplast.mercurio.it\/wp-content\/uploads\/2024\/03\/DISSUASORIrev08.pdf\" data-type=\"attachment\" data-id=\"1722\" target=\"_blank\" rel=\"noreferrer noopener\">Scarica la scheda tecnica<\/a><\/h6>\n<\/div>\n<\/div><\/div>\n<\/div>\n\n\n\n<div id=\"wp-block-themeisle-blocks-advanced-column-78973f41\" class=\"wp-block-themeisle-blocks-advanced-column has-light-bg\"><div class=\"wp-block-image is-style-rounded\">\n<figure class=\"aligncenter size-full has-custom-border\"><img loading=\"lazy\" decoding=\"async\" width=\"160\" height=\"300\" src=\"http:\/\/montiplast.mercurio.it\/wp-content\/uploads\/2021\/11\/pannelloweb.jpg\" alt=\"\" class=\"wp-image-1174\" style=\"border-style:none;border-width:0px;border-top-left-radius:5px;border-top-right-radius:5px;border-bottom-left-radius:5px;border-bottom-right-radius:5px\"\/><\/figure>\n<\/div>\n\n\n<div id=\"wp-block-themeisle-blocks-advanced-columns-66fd4022\" class=\"wp-block-themeisle-blocks-advanced-columns has-1-columns has-desktop-equal-layout has-tablet-equal-layout has-mobile-equal-layout has-vertical-unset\"><div class=\"wp-block-themeisle-blocks-advanced-columns-overlay\"><\/div><div class=\"innerblocks-wrap\">\n<div id=\"wp-block-themeisle-blocks-advanced-column-91292d8a\" class=\"wp-block-themeisle-blocks-advanced-column\">\n<h4 class=\"wp-block-heading has-text-color has-link-color wp-elements-e9e4e09b376ec069e6d46d0617cd17ba\" style=\"color:#070731\">Pannelli Mobili<\/h4>\n\n\n\n<p class=\"has-text-color has-link-color has-small-font-size wp-elements-53d4f55af67bcd61cda540076237b640\" style=\"color:#070731\">SCHEDA TECNICA<br>Edizione 2024<\/p>\n\n\n\n<h6 class=\"wp-block-heading has-text-color\" style=\"color:#fdb72b\"><a href=\"http:\/\/montiplast.mercurio.it\/wp-content\/uploads\/2024\/10\/PANMONER2024pr00.pdf\" data-type=\"attachment\" data-id=\"1847\" target=\"_blank\" rel=\"noreferrer noopener\">Scarica la scheda tecnica<\/a><\/h6>\n<\/div>\n<\/div><\/div>\n<\/div>\n<\/div><\/div>\n","protected":false},"excerpt":{"rendered":"<p>Montiplast progetta e produce una linea specialistica di segnaletica stradale complementare, offrendo soluzioni ad alta tecnologia per il segnalamento e la sicurezza delle infrastrutture viarie.Ogni prodotto \u00e8 sviluppato internamente per rispondere ai pi\u00f9 rigorosi standard di visibilit\u00e0 e resistenza, garantendo la piena conformit\u00e0 alle normative italiane ed europee (Codice della [&hellip;]<\/p>\n","protected":false},"author":1,"featured_media":911,"parent":0,"menu_order":0,"comment_status":"closed","ping_status":"closed","template":"","meta":{"_themeisle_gutenberg_block_has_review":false,"_kadence_starter_templates_imported_post":false,"footnotes":""},"class_list":["post-2037","page","type-page","status-publish","has-post-thumbnail","hentry"],"_links":{"self":[{"href":"https:\/\/www.montiplast.it\/index.php\/wp-json\/wp\/v2\/pages\/2037","targetHints":{"allow":["GET"]}}],"collection":[{"href":"https:\/\/www.montiplast.it\/index.php\/wp-json\/wp\/v2\/pages"}],"about":[{"href":"https:\/\/www.montiplast.it\/index.php\/wp-json\/wp\/v2\/types\/page"}],"author":[{"embeddable":true,"href":"https:\/\/www.montiplast.it\/index.php\/wp-json\/wp\/v2\/users\/1"}],"replies":[{"embeddable":true,"href":"https:\/\/www.montiplast.it\/index.php\/wp-json\/wp\/v2\/comments?post=2037"}],"version-history":[{"count":28,"href":"https:\/\/www.montiplast.it\/index.php\/wp-json\/wp\/v2\/pages\/2037\/revisions"}],"predecessor-version":[{"id":2666,"href":"https:\/\/www.montiplast.it\/index.php\/wp-json\/wp\/v2\/pages\/2037\/revisions\/2666"}],"wp:featuredmedia":[{"embeddable":true,"href":"https:\/\/www.montiplast.it\/index.php\/wp-json\/wp\/v2\/media\/911"}],"wp:attachment":[{"href":"https:\/\/www.montiplast.it\/index.php\/wp-json\/wp\/v2\/media?parent=2037"}],"curies":[{"name":"wp","href":"https:\/\/api.w.org\/{rel}","templated":true}]}}