{"id":2536,"date":"2025-12-23T17:59:43","date_gmt":"2025-12-23T16:59:43","guid":{"rendered":"https:\/\/montiplast.mercurio.it\/?page_id=2536"},"modified":"2025-12-23T18:39:15","modified_gmt":"2025-12-23T17:39:15","slug":"la-nostra-storia","status":"publish","type":"page","link":"https:\/\/www.montiplast.it\/index.php\/la-nostra-storia\/","title":{"rendered":"La nostra storia"},"content":{"rendered":"\n<section id=\"wp-block-themeisle-blocks-advanced-columns-c9de47f3\" class=\"wp-block-themeisle-blocks-advanced-columns alignwide has-2-columns has-desktop-equal-layout has-tablet-equal-layout has-mobile-collapsedRows-layout has-vertical-center\"><div class=\"wp-block-themeisle-blocks-advanced-columns-overlay\"><\/div><div class=\"innerblocks-wrap\">\n<div id=\"wp-block-themeisle-blocks-advanced-column-8efaaa45\" class=\"wp-block-themeisle-blocks-advanced-column\">\n<h3 class=\"wp-block-heading has-text-align-left has-text-color has-link-color wp-elements-ab5d5b5e1f4817461373680acd6bc48e\" style=\"color:#080808\">Anni 70<\/h3>\n\n\n\n<p class=\"has-text-align-left has-text-color has-link-color wp-elements-55a23645a3cc9002a0e62058d6162c90\" style=\"color:#080808\">Gli anni 70 sono anni di libert\u00e0, di trasgressione, di lotte politiche.<br>Esplodono la creativit\u00e0, la voglia di progresso a tutti i costi. E\u2019 un decennio dalle tinte forti e di grande competizione in tutti i campi.<\/p>\n\n\n\n<p class=\"has-text-color has-link-color wp-elements-9c23c8bba931bf37297cf0bda89bc5c5\" style=\"color:#080808\">Dietro questa spinta Monti Lorenzo nel 1971 fonda la MONTIPLAST.<\/p>\n<\/div>\n\n\n\n<div id=\"wp-block-themeisle-blocks-advanced-column-1a3e76e1\" class=\"wp-block-themeisle-blocks-advanced-column\">\n<figure class=\"wp-block-image size-full is-resized is-style-rounded\" id=\"wp-block-themeisle-blocks-image-6eb74d45\"><img loading=\"lazy\" decoding=\"async\" width=\"937\" height=\"667\" src=\"http:\/\/montiplast.mercurio.it\/wp-content\/uploads\/2021\/12\/anni.70.jpg\" alt=\"\" class=\"wp-image-1241\" style=\"aspect-ratio:1;object-fit:cover;width:auto;height:400px\" srcset=\"https:\/\/www.montiplast.it\/wp-content\/uploads\/2021\/12\/anni.70.jpg 937w, https:\/\/www.montiplast.it\/wp-content\/uploads\/2021\/12\/anni.70-300x214.jpg 300w, https:\/\/www.montiplast.it\/wp-content\/uploads\/2021\/12\/anni.70-768x547.jpg 768w\" sizes=\"auto, (max-width: 937px) 100vw, 937px\" \/><\/figure>\n<\/div>\n<\/div><\/section>\n\n\n\n<section id=\"wp-block-themeisle-blocks-advanced-columns-cdcf99f1\" class=\"wp-block-themeisle-blocks-advanced-columns alignwide has-2-columns has-desktop-equal-layout has-tablet-equal-layout has-mobile-collapsedRows-layout has-vertical-center\"><div class=\"wp-block-themeisle-blocks-advanced-columns-overlay\"><\/div><div class=\"innerblocks-wrap\">\n<div id=\"wp-block-themeisle-blocks-advanced-column-589b596f\" class=\"wp-block-themeisle-blocks-advanced-column\">\n<h3 class=\"wp-block-heading has-text-align-left has-text-color has-link-color wp-elements-15bf7f01a0c887db89ea53261341ba23\" style=\"color:#080808\">Anni 90<\/h3>\n\n\n\n<p>Un decennio in bilico fra le certezze di un passato vissuto sopra le righe e le incognite di un millennio tutto da scoprire.<\/p>\n\n\n\n<p class=\"has-text-align-left has-text-color has-link-color wp-elements-4f545a7706664cf2b1f6c7fad9cf7cf6\" style=\"color:#080808\">E\u2019 il periodo in cui la MONTIPLAST a stretto contatto con la P.A. evolve il suo catalogo e amplia la gamma dei prodotti&nbsp;inerenti alla segnaletica. Ne ottiene le dovute omologazioni e sul finire del decennio si autodisciplina secondo i requisiti richiesti dalla ISO:9000<\/p>\n<\/div>\n\n\n\n<div id=\"wp-block-themeisle-blocks-advanced-column-1c3ff730\" class=\"wp-block-themeisle-blocks-advanced-column\">\n<figure class=\"wp-block-image size-full is-resized is-style-rounded\" id=\"wp-block-themeisle-blocks-image-acdb51a5\"><img loading=\"lazy\" decoding=\"async\" width=\"600\" height=\"411\" src=\"http:\/\/montiplast.mercurio.it\/wp-content\/uploads\/2021\/12\/Anni.90.jpg\" alt=\"\" class=\"wp-image-1258\" style=\"aspect-ratio:1;object-fit:contain;width:auto;height:400px\" srcset=\"https:\/\/www.montiplast.it\/wp-content\/uploads\/2021\/12\/Anni.90.jpg 600w, https:\/\/www.montiplast.it\/wp-content\/uploads\/2021\/12\/Anni.90-300x206.jpg 300w\" sizes=\"auto, (max-width: 600px) 100vw, 600px\" \/><\/figure>\n<\/div>\n<\/div><\/section>\n\n\n\n<section id=\"wp-block-themeisle-blocks-advanced-columns-21c98a11\" class=\"wp-block-themeisle-blocks-advanced-columns alignwide has-2-columns has-desktop-equal-layout has-tablet-equal-layout has-mobile-collapsedRows-layout has-vertical-center\"><div class=\"wp-block-themeisle-blocks-advanced-columns-overlay\"><\/div><div class=\"innerblocks-wrap\">\n<div id=\"wp-block-themeisle-blocks-advanced-column-9a492b57\" class=\"wp-block-themeisle-blocks-advanced-column\">\n<figure class=\"wp-block-image size-full is-resized is-style-rounded\" id=\"wp-block-themeisle-blocks-image-e72416ee\"><img loading=\"lazy\" decoding=\"async\" width=\"1320\" height=\"1832\" src=\"http:\/\/montiplast.mercurio.it\/wp-content\/uploads\/2021\/12\/Anni.2000.jpg\" alt=\"\" class=\"wp-image-1260\" style=\"aspect-ratio:1;object-fit:cover;width:auto;height:400px\" srcset=\"https:\/\/www.montiplast.it\/wp-content\/uploads\/2021\/12\/Anni.2000.jpg 1320w, https:\/\/www.montiplast.it\/wp-content\/uploads\/2021\/12\/Anni.2000-216x300.jpg 216w, https:\/\/www.montiplast.it\/wp-content\/uploads\/2021\/12\/Anni.2000-738x1024.jpg 738w, https:\/\/www.montiplast.it\/wp-content\/uploads\/2021\/12\/Anni.2000-768x1066.jpg 768w, https:\/\/www.montiplast.it\/wp-content\/uploads\/2021\/12\/Anni.2000-1107x1536.jpg 1107w\" sizes=\"auto, (max-width: 1320px) 100vw, 1320px\" \/><\/figure>\n<\/div>\n\n\n\n<div id=\"wp-block-themeisle-blocks-advanced-column-b2b65206\" class=\"wp-block-themeisle-blocks-advanced-column\">\n<h3 class=\"wp-block-heading has-text-align-left has-text-color has-link-color wp-elements-0ede8e2e92473330b33a7cae206a1085\" style=\"color:#080808\">Anni 2000<\/h3>\n\n\n\n<p>Saranno ricordati come gli anni della pi\u00f9 profonda crisi finanziaria della nostra storia, dopo quella del \u201929. Senza contare l\u201911 settembre 2001 o la bolla delle dot.com. Eppure, i 2000 sono anche anni di grandissima innovazione, soprattutto tecnologica.<\/p>\n\n\n\n<p class=\"has-text-align-left has-text-color has-link-color wp-elements-6df271edaab3d18df4ddd75cdf92eaeb\" style=\"color:#080808\">Certamente investire in questo periodo \u00e8 quanto meno un atto di coraggio, ma restare fermi non \u00e8 nel DNA della MONTIPLAST. Per cui decide di attivare il reparto dei prodotti riciclati. Nuovi impianti, nuova gamma di prodotti nuove sfide per andare avanti<\/p>\n<\/div>\n<\/div><\/section>\n\n\n\n<section id=\"wp-block-themeisle-blocks-advanced-columns-96334e6a\" class=\"wp-block-themeisle-blocks-advanced-columns alignwide has-2-columns has-desktop-equal-layout has-tablet-equal-layout has-mobile-collapsedRows-layout has-vertical-center\"><div class=\"wp-block-themeisle-blocks-advanced-columns-overlay\"><\/div><div class=\"innerblocks-wrap\">\n<div id=\"wp-block-themeisle-blocks-advanced-column-e94d9bf0\" class=\"wp-block-themeisle-blocks-advanced-column\">\n<h3 class=\"wp-block-heading has-text-align-left has-text-color has-link-color wp-elements-04957bf158df62fba400199b2e249e8f\" style=\"color:#080808\">Anni 2010<\/h3>\n\n\n\n<p>Cosa resta di un decennio che ha praticato con intensit\u00e0 e spudoratezza il vintage, ovvero il recupero del passato prossimo? Non molto. Niente di intensamente memorabile, niente che resti impresso nel ricordo collettivo.<\/p>\n\n\n\n<p class=\"has-text-align-left has-text-color has-link-color wp-elements-2b176545d334f48a1a62d220d35a2da6\" style=\"color:#080808\">Il settore Segnaletica e quello dei contenitori restano pilastri fondamentali per la MONTIPLAST. Tuttavia \u201cLa seconda vita della plastica\u201d pretende il suo spazio. Il mercato lo ha scelto sempre con pi\u00f9 insistenza, ed \u00e8 ci\u00f2 che stiamo facendo e per una volta siamo in sintonia con i tempi che corrono\u2026 recuperiamo.<\/p>\n<\/div>\n\n\n\n<div id=\"wp-block-themeisle-blocks-advanced-column-f630ad40\" class=\"wp-block-themeisle-blocks-advanced-column\">\n<figure class=\"wp-block-image size-full is-resized is-style-rounded\" id=\"wp-block-themeisle-blocks-image-c60beeaa\"><img loading=\"lazy\" decoding=\"async\" width=\"1221\" height=\"1647\" src=\"http:\/\/montiplast.mercurio.it\/wp-content\/uploads\/2021\/12\/Anni2010.jpg\" alt=\"\" class=\"wp-image-1264\" style=\"aspect-ratio:1;object-fit:contain;width:auto;height:400px\" srcset=\"https:\/\/www.montiplast.it\/wp-content\/uploads\/2021\/12\/Anni2010.jpg 1221w, https:\/\/www.montiplast.it\/wp-content\/uploads\/2021\/12\/Anni2010-222x300.jpg 222w, https:\/\/www.montiplast.it\/wp-content\/uploads\/2021\/12\/Anni2010-759x1024.jpg 759w, https:\/\/www.montiplast.it\/wp-content\/uploads\/2021\/12\/Anni2010-768x1036.jpg 768w, https:\/\/www.montiplast.it\/wp-content\/uploads\/2021\/12\/Anni2010-1139x1536.jpg 1139w\" sizes=\"auto, (max-width: 1221px) 100vw, 1221px\" \/><\/figure>\n<\/div>\n<\/div><\/section>\n\n\n\n<section id=\"wp-block-themeisle-blocks-advanced-columns-99b502d7\" class=\"wp-block-themeisle-blocks-advanced-columns alignwide has-2-columns has-desktop-equal-layout has-tablet-equal-layout has-mobile-collapsedRows-layout has-vertical-center\"><div class=\"wp-block-themeisle-blocks-advanced-columns-overlay\"><\/div><div class=\"innerblocks-wrap\">\n<div id=\"wp-block-themeisle-blocks-advanced-column-a3374640\" class=\"wp-block-themeisle-blocks-advanced-column\">\n<figure class=\"wp-block-image size-full is-resized is-style-rounded\" id=\"wp-block-themeisle-blocks-image-c5563f4b\"><img loading=\"lazy\" decoding=\"async\" width=\"1024\" height=\"1444\" src=\"http:\/\/montiplast.mercurio.it\/wp-content\/uploads\/2021\/03\/pdf-155-page-00001.jpg\" alt=\"\" class=\"wp-image-707\" style=\"aspect-ratio:1;object-fit:cover;width:auto;height:400px\" srcset=\"https:\/\/www.montiplast.it\/wp-content\/uploads\/2021\/03\/pdf-155-page-00001.jpg 1024w, https:\/\/www.montiplast.it\/wp-content\/uploads\/2021\/03\/pdf-155-page-00001-213x300.jpg 213w, https:\/\/www.montiplast.it\/wp-content\/uploads\/2021\/03\/pdf-155-page-00001-726x1024.jpg 726w, https:\/\/www.montiplast.it\/wp-content\/uploads\/2021\/03\/pdf-155-page-00001-768x1083.jpg 768w\" sizes=\"auto, (max-width: 1024px) 100vw, 1024px\" \/><\/figure>\n<\/div>\n\n\n\n<div id=\"wp-block-themeisle-blocks-advanced-column-39950172\" class=\"wp-block-themeisle-blocks-advanced-column\">\n<h3 class=\"wp-block-heading has-text-align-left has-text-color has-link-color wp-elements-9c38acf4b5aeafd01413fe11c5b37dc1\" style=\"color:#080808\">Anni 2020<\/h3>\n\n\n\n<p>Un decennio, appena iniziato, che si far\u00e0 ricordare a lungo. Due eventi su tutti, Brexit e Covid-19, che hanno modificato profondamente le abitudini di ciascuno di noi per sempre. Trasformazioni geopolitiche importanti si stanno delineando sotto un sole cocente che ci ricorda che l\u2019ambiente ha bisogno di attenzione.<\/p>\n\n\n\n<p>MONTIPLAST, Una sfida che va avanti da pi\u00f9 di 50 anni. Una storia, la nostra, che \u00e8 fatta di generazioni, ciascuna con il preciso compito di saper interpretare i tempi in cui vive. In fondo, forse questo \u00e8 l\u2019unico vero segreto.<\/p>\n<\/div>\n<\/div><\/section>\n\n\n\n<div style=\"height:100px\" aria-hidden=\"true\" class=\"wp-block-spacer\"><\/div>\n","protected":false},"excerpt":{"rendered":"","protected":false},"author":1,"featured_media":1210,"parent":0,"menu_order":0,"comment_status":"closed","ping_status":"closed","template":"","meta":{"_themeisle_gutenberg_block_has_review":false,"_kadence_starter_templates_imported_post":false,"footnotes":""},"class_list":["post-2536","page","type-page","status-publish","has-post-thumbnail","hentry"],"_links":{"self":[{"href":"https:\/\/www.montiplast.it\/index.php\/wp-json\/wp\/v2\/pages\/2536","targetHints":{"allow":["GET"]}}],"collection":[{"href":"https:\/\/www.montiplast.it\/index.php\/wp-json\/wp\/v2\/pages"}],"about":[{"href":"https:\/\/www.montiplast.it\/index.php\/wp-json\/wp\/v2\/types\/page"}],"author":[{"embeddable":true,"href":"https:\/\/www.montiplast.it\/index.php\/wp-json\/wp\/v2\/users\/1"}],"replies":[{"embeddable":true,"href":"https:\/\/www.montiplast.it\/index.php\/wp-json\/wp\/v2\/comments?post=2536"}],"version-history":[{"count":18,"href":"https:\/\/www.montiplast.it\/index.php\/wp-json\/wp\/v2\/pages\/2536\/revisions"}],"predecessor-version":[{"id":2563,"href":"https:\/\/www.montiplast.it\/index.php\/wp-json\/wp\/v2\/pages\/2536\/revisions\/2563"}],"wp:featuredmedia":[{"embeddable":true,"href":"https:\/\/www.montiplast.it\/index.php\/wp-json\/wp\/v2\/media\/1210"}],"wp:attachment":[{"href":"https:\/\/www.montiplast.it\/index.php\/wp-json\/wp\/v2\/media?parent=2536"}],"curies":[{"name":"wp","href":"https:\/\/api.w.org\/{rel}","templated":true}]}}